{"id":2654,"date":"2022-07-24T23:23:05","date_gmt":"2022-07-24T21:23:05","guid":{"rendered":"https:\/\/flugtmuseum.dk\/?page_id=2654"},"modified":"2022-07-24T23:23:05","modified_gmt":"2022-07-24T21:23:05","slug":"datenschutz-bestimmungen","status":"publish","type":"page","link":"https:\/\/flugtmuseum.dk\/de\/datenschutz-bestimmungen\/","title":{"rendered":"Datenschutz-Bestimmungen"},"content":{"rendered":"<div id=\"pl-2654\"  class=\"panel-layout\" ><div id=\"pg-2654-0\"  class=\"panel-grid panel-no-style\" ><div id=\"pgc-2654-0-0\"  class=\"panel-grid-cell\" ><div id=\"panel-2654-0-0-0\" class=\"so-panel widget widget_mtt-cover panel-first-child panel-last-child\" data-index=\"0\" ><div\n\t\t\t\n\t\t\tclass=\"so-widget-mtt-cover so-widget-mtt-cover-base\"\n\t\t\t\n\t\t><div class=\"mtt-cover mtt-cover--sub\">\n  <div class=\"mtt-cover__image-container\">\n    <div class=\"mtt-cover__image-container--image overlay\">\n        <div class=\"mtt-image-video-block normal\">\n            <div class=\"mtt-image object-fit\">\n            <picture fetchpriority=\"auto\">\n                                            <img decoding=\"async\" src=\"\" alt=\"\" fetchpriority=\"auto\">\n            <\/picture>\n        <\/div>\n        <\/div>\n    <\/div>\n  <\/div>\n      <div class=\"mtt-cover__text-container cover_page_container\">\n    <div class=\"mtt-cover__text-wrap\">\n                          <div class=\"mtt-cover__title\">\n            <h1>Privatlivspolitik<\/h1>\n          <\/div>\n                          <div class=\"mtt-cover__text\">\n              P\u00e5 denne side kan du l\u00e6se mere om vores privatlivs -og cookie politik          <\/div>\n                    <\/div>\n        <\/div>\n  <div class=\"mtt-cover__svg\">\n        <\/div>\n<\/div><\/div><\/div><\/div><\/div><div id=\"pg-2654-1\"  class=\"panel-grid panel-no-style\" ><div id=\"pgc-2654-1-0\"  class=\"panel-grid-cell\" ><div id=\"panel-2654-1-0-0\" class=\"so-panel widget widget_mtt-text panel-first-child panel-last-child\" data-index=\"1\" ><div\n\t\t\t\n\t\t\tclass=\"so-widget-mtt-text so-widget-mtt-text-base\"\n\t\t\t\n\t\t>\n<div class=\"mtt-text\">\n  <div class=\"mtt-text__inner page_container\">\n    <div class=\"styled-text\">\n        <h2>Personoplysninger<\/h2>\n\n<p> Personoplysninger er alle slags informationer, der i et eller andet omfang kan henf\u00f8res til dig. N\u00e5r du benytter vores website, indsamler og behandler vi s\u00e5danne informationer. <\/p>\n\n<p> S\u00e5fremt du kontakter os via kontaktformular, opbevare vi dette data i 60 dage. Du har altid mulighed for f\u00e5 dette data slettet ved at kontakte os. <\/p>\n\n<script id=\"CookieDeclaration\" src=\"https:\/\/consent.cookiebot.com\/f4085cbe-77b6-4430-a10e-e71a9b634ab8\/cd.js\" type=\"text\/javascript\" async><\/script>    <\/div>\n  <\/div>\n<\/div>\n\n\n<\/div><\/div><\/div><\/div><\/div>","protected":false},"excerpt":{"rendered":"<p>Privatlivspolitik P\u00e5 denne side kan du l\u00e6se mere om vores privatlivs -og cookie politik Personoplysninger Personoplysninger er alle slags informationer, der i et eller andet omfang kan henf\u00f8res til dig. N\u00e5r du benytter vores website, indsamler og behandler vi s\u00e5danne informationer. S\u00e5fremt du kontakter os via kontaktformular, opbevare vi dette data i 60 dage. Du [&hellip;]<\/p>\n","protected":false},"author":4,"featured_media":0,"parent":0,"menu_order":0,"comment_status":"closed","ping_status":"closed","template":"","meta":{"_acf_changed":false,"inline_featured_image":false,"footnotes":""},"class_list":["post-2654","page","type-page","status-publish","hentry"],"acf":[],"yoast_head":"<!-- This site is optimized with the Yoast SEO plugin v27.1 - https:\/\/yoast.com\/product\/yoast-seo-wordpress\/ -->\n<title>Datenschutz-Bestimmungen - FLUGT<\/title>\n<meta name=\"robots\" content=\"index, follow, max-snippet:-1, max-image-preview:large, max-video-preview:-1\" \/>\n<link rel=\"canonical\" href=\"https:\/\/flugtmuseum.dk\/de\/datenschutz-bestimmungen\/\" \/>\n<meta property=\"og:locale\" content=\"de_DE\" \/>\n<meta property=\"og:type\" content=\"article\" \/>\n<meta property=\"og:title\" content=\"Datenschutz-Bestimmungen - FLUGT\" \/>\n<meta property=\"og:description\" content=\"Privatlivspolitik P\u00e5 denne side kan du l\u00e6se mere om vores privatlivs -og cookie politik Personoplysninger Personoplysninger er alle slags informationer, der i et eller andet omfang kan henf\u00f8res til dig. N\u00e5r du benytter vores website, indsamler og behandler vi s\u00e5danne informationer. S\u00e5fremt du kontakter os via kontaktformular, opbevare vi dette data i 60 dage. Du [&hellip;]\" \/>\n<meta property=\"og:url\" content=\"https:\/\/flugtmuseum.dk\/de\/datenschutz-bestimmungen\/\" \/>\n<meta property=\"og:site_name\" content=\"FLUGT\" \/>\n<meta property=\"article:publisher\" content=\"https:\/\/www.facebook.com\/flugtmuseum\" \/>\n<meta name=\"twitter:card\" content=\"summary_large_image\" \/>\n<script type=\"application\/ld+json\" class=\"yoast-schema-graph\">{\"@context\":\"https:\/\/schema.org\",\"@graph\":[{\"@type\":\"WebPage\",\"@id\":\"https:\/\/flugtmuseum.dk\/de\/datenschutz-bestimmungen\/\",\"url\":\"https:\/\/flugtmuseum.dk\/de\/datenschutz-bestimmungen\/\",\"name\":\"Datenschutz-Bestimmungen - FLUGT\",\"isPartOf\":{\"@id\":\"https:\/\/flugtmuseum.dk\/#website\"},\"datePublished\":\"2022-07-24T21:23:05+00:00\",\"breadcrumb\":{\"@id\":\"https:\/\/flugtmuseum.dk\/de\/datenschutz-bestimmungen\/#breadcrumb\"},\"inLanguage\":\"de\",\"potentialAction\":[{\"@type\":\"ReadAction\",\"target\":[\"https:\/\/flugtmuseum.dk\/de\/datenschutz-bestimmungen\/\"]}]},{\"@type\":\"BreadcrumbList\",\"@id\":\"https:\/\/flugtmuseum.dk\/de\/datenschutz-bestimmungen\/#breadcrumb\",\"itemListElement\":[{\"@type\":\"ListItem\",\"position\":1,\"name\":\"Hjem\",\"item\":\"https:\/\/flugtmuseum.dk\/de\/\"},{\"@type\":\"ListItem\",\"position\":2,\"name\":\"Datenschutz-Bestimmungen\"}]},{\"@type\":\"WebSite\",\"@id\":\"https:\/\/flugtmuseum.dk\/#website\",\"url\":\"https:\/\/flugtmuseum.dk\/\",\"name\":\"FLUGT\",\"description\":\"Flygtninge til alle tider\",\"publisher\":{\"@id\":\"https:\/\/flugtmuseum.dk\/#organization\"},\"potentialAction\":[{\"@type\":\"SearchAction\",\"target\":{\"@type\":\"EntryPoint\",\"urlTemplate\":\"https:\/\/flugtmuseum.dk\/?s={search_term_string}\"},\"query-input\":{\"@type\":\"PropertyValueSpecification\",\"valueRequired\":true,\"valueName\":\"search_term_string\"}}],\"inLanguage\":\"de\"},{\"@type\":\"Organization\",\"@id\":\"https:\/\/flugtmuseum.dk\/#organization\",\"name\":\"FLUGT \u2013 Refugee Museum of Denmark\",\"url\":\"https:\/\/flugtmuseum.dk\/\",\"logo\":{\"@type\":\"ImageObject\",\"inLanguage\":\"de\",\"@id\":\"https:\/\/flugtmuseum.dk\/#\/schema\/logo\/image\/\",\"url\":\"https:\/\/flugtmuseum.dk\/wp-content\/uploads\/sites\/4\/2022\/05\/FLUGT_Logo_Sort.png\",\"contentUrl\":\"https:\/\/flugtmuseum.dk\/wp-content\/uploads\/sites\/4\/2022\/05\/FLUGT_Logo_Sort.png\",\"width\":690,\"height\":162,\"caption\":\"FLUGT \u2013 Refugee Museum of Denmark\"},\"image\":{\"@id\":\"https:\/\/flugtmuseum.dk\/#\/schema\/logo\/image\/\"},\"sameAs\":[\"https:\/\/www.facebook.com\/flugtmuseum\",\"https:\/\/www.instagram.com\/flugt\/\",\"https:\/\/www.linkedin.com\/showcase\/flugt-refugee-museum-of-denmark\/?originalSubdomain=dk\"]}]}<\/script>\n<!-- \/ Yoast SEO plugin. -->","yoast_head_json":{"title":"Datenschutz-Bestimmungen - FLUGT","robots":{"index":"index","follow":"follow","max-snippet":"max-snippet:-1","max-image-preview":"max-image-preview:large","max-video-preview":"max-video-preview:-1"},"canonical":"https:\/\/flugtmuseum.dk\/de\/datenschutz-bestimmungen\/","og_locale":"de_DE","og_type":"article","og_title":"Datenschutz-Bestimmungen - FLUGT","og_description":"Privatlivspolitik P\u00e5 denne side kan du l\u00e6se mere om vores privatlivs -og cookie politik Personoplysninger Personoplysninger er alle slags informationer, der i et eller andet omfang kan henf\u00f8res til dig. N\u00e5r du benytter vores website, indsamler og behandler vi s\u00e5danne informationer. S\u00e5fremt du kontakter os via kontaktformular, opbevare vi dette data i 60 dage. Du [&hellip;]","og_url":"https:\/\/flugtmuseum.dk\/de\/datenschutz-bestimmungen\/","og_site_name":"FLUGT","article_publisher":"https:\/\/www.facebook.com\/flugtmuseum","twitter_card":"summary_large_image","schema":{"@context":"https:\/\/schema.org","@graph":[{"@type":"WebPage","@id":"https:\/\/flugtmuseum.dk\/de\/datenschutz-bestimmungen\/","url":"https:\/\/flugtmuseum.dk\/de\/datenschutz-bestimmungen\/","name":"Datenschutz-Bestimmungen - FLUGT","isPartOf":{"@id":"https:\/\/flugtmuseum.dk\/#website"},"datePublished":"2022-07-24T21:23:05+00:00","breadcrumb":{"@id":"https:\/\/flugtmuseum.dk\/de\/datenschutz-bestimmungen\/#breadcrumb"},"inLanguage":"de","potentialAction":[{"@type":"ReadAction","target":["https:\/\/flugtmuseum.dk\/de\/datenschutz-bestimmungen\/"]}]},{"@type":"BreadcrumbList","@id":"https:\/\/flugtmuseum.dk\/de\/datenschutz-bestimmungen\/#breadcrumb","itemListElement":[{"@type":"ListItem","position":1,"name":"Hjem","item":"https:\/\/flugtmuseum.dk\/de\/"},{"@type":"ListItem","position":2,"name":"Datenschutz-Bestimmungen"}]},{"@type":"WebSite","@id":"https:\/\/flugtmuseum.dk\/#website","url":"https:\/\/flugtmuseum.dk\/","name":"FLUGT","description":"Flygtninge til alle tider","publisher":{"@id":"https:\/\/flugtmuseum.dk\/#organization"},"potentialAction":[{"@type":"SearchAction","target":{"@type":"EntryPoint","urlTemplate":"https:\/\/flugtmuseum.dk\/?s={search_term_string}"},"query-input":{"@type":"PropertyValueSpecification","valueRequired":true,"valueName":"search_term_string"}}],"inLanguage":"de"},{"@type":"Organization","@id":"https:\/\/flugtmuseum.dk\/#organization","name":"FLUGT \u2013 Refugee Museum of Denmark","url":"https:\/\/flugtmuseum.dk\/","logo":{"@type":"ImageObject","inLanguage":"de","@id":"https:\/\/flugtmuseum.dk\/#\/schema\/logo\/image\/","url":"https:\/\/flugtmuseum.dk\/wp-content\/uploads\/sites\/4\/2022\/05\/FLUGT_Logo_Sort.png","contentUrl":"https:\/\/flugtmuseum.dk\/wp-content\/uploads\/sites\/4\/2022\/05\/FLUGT_Logo_Sort.png","width":690,"height":162,"caption":"FLUGT \u2013 Refugee Museum of Denmark"},"image":{"@id":"https:\/\/flugtmuseum.dk\/#\/schema\/logo\/image\/"},"sameAs":["https:\/\/www.facebook.com\/flugtmuseum","https:\/\/www.instagram.com\/flugt\/","https:\/\/www.linkedin.com\/showcase\/flugt-refugee-museum-of-denmark\/?originalSubdomain=dk"]}]}},"_links":{"self":[{"href":"https:\/\/flugtmuseum.dk\/de\/wp-json\/wp\/v2\/pages\/2654","targetHints":{"allow":["GET"]}}],"collection":[{"href":"https:\/\/flugtmuseum.dk\/de\/wp-json\/wp\/v2\/pages"}],"about":[{"href":"https:\/\/flugtmuseum.dk\/de\/wp-json\/wp\/v2\/types\/page"}],"author":[{"embeddable":true,"href":"https:\/\/flugtmuseum.dk\/de\/wp-json\/wp\/v2\/users\/4"}],"replies":[{"embeddable":true,"href":"https:\/\/flugtmuseum.dk\/de\/wp-json\/wp\/v2\/comments?post=2654"}],"version-history":[{"count":2,"href":"https:\/\/flugtmuseum.dk\/de\/wp-json\/wp\/v2\/pages\/2654\/revisions"}],"predecessor-version":[{"id":2656,"href":"https:\/\/flugtmuseum.dk\/de\/wp-json\/wp\/v2\/pages\/2654\/revisions\/2656"}],"wp:attachment":[{"href":"https:\/\/flugtmuseum.dk\/de\/wp-json\/wp\/v2\/media?parent=2654"}],"curies":[{"name":"wp","href":"https:\/\/api.w.org\/{rel}","templated":true}]}}