{"id":5489,"date":"2025-07-11T20:37:22","date_gmt":"2025-07-11T18:37:22","guid":{"rendered":"https:\/\/flugtmuseum.dk\/?page_id=5489"},"modified":"2025-07-11T20:38:37","modified_gmt":"2025-07-11T18:38:37","slug":"aktivitaeten","status":"publish","type":"page","link":"https:\/\/flugtmuseum.dk\/de\/aktivitaeten\/","title":{"rendered":"Aktivit\u00e4ten"},"content":{"rendered":"<div id=\"pl-5489\"  class=\"panel-layout\" ><div id=\"pg-5489-0\"  class=\"panel-grid panel-no-style\" ><div id=\"pgc-5489-0-0\"  class=\"panel-grid-cell\" ><div id=\"panel-5489-0-0-0\" class=\"so-panel widget widget_mtt-cover panel-first-child panel-last-child\" data-index=\"0\" ><div\n\t\t\t\n\t\t\tclass=\"so-widget-mtt-cover so-widget-mtt-cover-base\"\n\t\t\t\n\t\t><div class=\"mtt-cover mtt-cover--sub\">\n  <div class=\"mtt-cover__image-container\">\n    <div class=\"mtt-cover__image-container--image overlay\">\n        <div class=\"mtt-image-video-block normal\">\n            <div class=\"mtt-image object-fit\">\n            <picture fetchpriority=\"auto\">\n                                            <img decoding=\"async\" src=\"https:\/\/flugtmuseum.dk\/wp-content\/uploads\/sites\/4\/2024\/09\/I-de-tyske-flygtninges-fodspor_udenlogo-1.jpg\" alt=\"I de tyske flygtninges fodspor_udenlogo\" fetchpriority=\"auto\">\n            <\/picture>\n        <\/div>\n        <\/div>\n    <\/div>\n  <\/div>\n      <div class=\"mtt-cover__text-container cover_page_container\">\n    <div class=\"mtt-cover__text-wrap\">\n                          <div class=\"mtt-cover__title\">\n            <h1>Aktivit\u00e4ten im Museum<\/h1>\n          <\/div>\n                            <\/div>\n        <\/div>\n  <div class=\"mtt-cover__svg\">\n        <\/div>\n<\/div><\/div><\/div><\/div><\/div><div id=\"pg-5489-1\"  class=\"panel-grid panel-no-style\" ><div id=\"pgc-5489-1-0\"  class=\"panel-grid-cell\" ><div id=\"panel-5489-1-0-0\" class=\"so-panel widget widget_mtt-activities-widget panel-first-child panel-last-child\" data-index=\"1\" ><div\n\t\t\t\n\t\t\tclass=\"so-widget-mtt-activities-widget so-widget-mtt-activities-widget-base\"\n\t\t\t\n\t\t>\n<div class=\"mtt-activities\">\n  <div class=\"page_container\">\n    <div class=\"mtt-activities__title-wrapper\">\n            <\/div>\n\n    <div class=\"mtt-activities__wrapper\">\n      <div class=\"mtt-activities__inner\">\n\n                                  \n                <\/div>\n\n                  <div class=\"mtt-pagination-wrapper\">\n              \n<div class=\"mtt-pagination\">\n  <div class=\"mtt-pagination__inner\">\n        <\/div>\n<\/div>          <\/div>\n            <\/div>\n  <\/div>\n<\/div><\/div><\/div><\/div><\/div><div id=\"pg-5489-2\"  class=\"panel-grid panel-no-style\" ><div id=\"pgc-5489-2-0\"  class=\"panel-grid-cell\" ><div id=\"panel-5489-2-0-0\" class=\"so-panel widget widget_mtt-text-image panel-first-child panel-last-child\" data-index=\"2\" ><div\n\t\t\t\n\t\t\tclass=\"so-widget-mtt-text-image so-widget-mtt-text-image-base\"\n\t\t\t\n\t\t>\n<div class=\"mtt-text-image widget_secondary_variant widget-contrast-dark spacing-classes-added\">\n  <div class=\"mtt-text-image__inner page_container text-image\">\n    <div class=\"mtt-text-image__text-container\">\n                <h2 class=\"mtt-text-image__title\">Aktivit\u00e4ten in der Umgebung<\/h2>        <p class=\"mtt-text-image__text\">Entdecken Sie kommende Veranstaltungen in der Umgebung und in unseren anderen Museen \u00fcber den untenstehenden Link.<\/p>                        \n  <div class=\"button-section\">\n\n    \n        <a href=\"https:\/\/vardemuseerne.billetexpressen.dk\/program\/view-all\/610f51fe-5db3-49e5-ab61-0a9d7787ed9f?title=Oplevelser&showShortDescription=false&isSubPageMode=false&subPageSlugFromWebConfig=&showType=false&landingItemType=Smart&sd=true\" class=\"button outline_dark\" target=\"_blank\" rel=\"noopener noreferrer\">\n                    Weitere Aktivit\u00e4ten anzeigen        <\/a>\n\n    \n  <\/div>\n\n    <\/div>\n    <div class=\"mtt-text-image__image\">\n      <div class=\"mtt-text-image__image--inner\">\n                <div class=\"mtt-image-video-block flugt\">\n            <div class=\"mtt-image object-fit\">\n            <picture fetchpriority=\"auto\">\n                                            <img decoding=\"async\" src=\"https:\/\/flugtmuseum.dk\/wp-content\/uploads\/sites\/4\/2022\/05\/DJI_0037-scaled-2000x1125.jpg\" alt=\"Bl\u00e5vandshuk Fyr\" fetchpriority=\"auto\">\n            <\/picture>\n        <\/div>\n        <\/div>\n      <\/div>\n    <\/div>\n  <\/div>\n<\/div>\n\n\n<\/div><\/div><\/div><\/div><\/div>","protected":false},"excerpt":{"rendered":"<p>Aktivit\u00e4ten im Museum Aktivit\u00e4ten in der Umgebung Entdecken Sie kommende Veranstaltungen in der Umgebung und in unseren anderen Museen \u00fcber den untenstehenden Link. Weitere Aktivit\u00e4ten anzeigen<\/p>\n","protected":false},"author":7,"featured_media":0,"parent":0,"menu_order":0,"comment_status":"closed","ping_status":"closed","template":"","meta":{"_acf_changed":false,"inline_featured_image":false,"footnotes":""},"class_list":["post-5489","page","type-page","status-publish","hentry"],"acf":[],"yoast_head":"<!-- This site is optimized with the Yoast SEO plugin v27.1 - https:\/\/yoast.com\/product\/yoast-seo-wordpress\/ -->\n<title>Aktivit\u00e4ten - FLUGT<\/title>\n<meta name=\"robots\" content=\"index, follow, max-snippet:-1, max-image-preview:large, max-video-preview:-1\" \/>\n<link rel=\"canonical\" href=\"https:\/\/flugtmuseum.dk\/de\/aktivitaeten\/\" \/>\n<meta property=\"og:locale\" content=\"de_DE\" \/>\n<meta property=\"og:type\" content=\"article\" \/>\n<meta property=\"og:title\" content=\"Aktivit\u00e4ten - FLUGT\" \/>\n<meta property=\"og:description\" content=\"Aktivit\u00e4ten im Museum Aktivit\u00e4ten in der Umgebung Entdecken Sie kommende Veranstaltungen in der Umgebung und in unseren anderen Museen \u00fcber den untenstehenden Link. Weitere Aktivit\u00e4ten anzeigen\" \/>\n<meta property=\"og:url\" content=\"https:\/\/flugtmuseum.dk\/de\/aktivitaeten\/\" \/>\n<meta property=\"og:site_name\" content=\"FLUGT\" \/>\n<meta property=\"article:publisher\" content=\"https:\/\/www.facebook.com\/flugtmuseum\" \/>\n<meta property=\"article:modified_time\" content=\"2025-07-11T18:38:37+00:00\" \/>\n<meta name=\"twitter:card\" content=\"summary_large_image\" \/>\n<meta name=\"twitter:label1\" content=\"Gesch\u00e4tzte Lesezeit\" \/>\n\t<meta name=\"twitter:data1\" content=\"1\u00a0Minute\" \/>\n<script type=\"application\/ld+json\" class=\"yoast-schema-graph\">{\"@context\":\"https:\/\/schema.org\",\"@graph\":[{\"@type\":\"WebPage\",\"@id\":\"https:\/\/flugtmuseum.dk\/de\/aktivitaeten\/\",\"url\":\"https:\/\/flugtmuseum.dk\/de\/aktivitaeten\/\",\"name\":\"Aktivit\u00e4ten - FLUGT\",\"isPartOf\":{\"@id\":\"https:\/\/flugtmuseum.dk\/#website\"},\"datePublished\":\"2025-07-11T18:37:22+00:00\",\"dateModified\":\"2025-07-11T18:38:37+00:00\",\"breadcrumb\":{\"@id\":\"https:\/\/flugtmuseum.dk\/de\/aktivitaeten\/#breadcrumb\"},\"inLanguage\":\"de\",\"potentialAction\":[{\"@type\":\"ReadAction\",\"target\":[\"https:\/\/flugtmuseum.dk\/de\/aktivitaeten\/\"]}]},{\"@type\":\"BreadcrumbList\",\"@id\":\"https:\/\/flugtmuseum.dk\/de\/aktivitaeten\/#breadcrumb\",\"itemListElement\":[{\"@type\":\"ListItem\",\"position\":1,\"name\":\"Hjem\",\"item\":\"https:\/\/flugtmuseum.dk\/de\/\"},{\"@type\":\"ListItem\",\"position\":2,\"name\":\"Aktivit\u00e4ten\"}]},{\"@type\":\"WebSite\",\"@id\":\"https:\/\/flugtmuseum.dk\/#website\",\"url\":\"https:\/\/flugtmuseum.dk\/\",\"name\":\"FLUGT\",\"description\":\"Flygtninge til alle tider\",\"publisher\":{\"@id\":\"https:\/\/flugtmuseum.dk\/#organization\"},\"potentialAction\":[{\"@type\":\"SearchAction\",\"target\":{\"@type\":\"EntryPoint\",\"urlTemplate\":\"https:\/\/flugtmuseum.dk\/?s={search_term_string}\"},\"query-input\":{\"@type\":\"PropertyValueSpecification\",\"valueRequired\":true,\"valueName\":\"search_term_string\"}}],\"inLanguage\":\"de\"},{\"@type\":\"Organization\",\"@id\":\"https:\/\/flugtmuseum.dk\/#organization\",\"name\":\"FLUGT \u2013 Refugee Museum of Denmark\",\"url\":\"https:\/\/flugtmuseum.dk\/\",\"logo\":{\"@type\":\"ImageObject\",\"inLanguage\":\"de\",\"@id\":\"https:\/\/flugtmuseum.dk\/#\/schema\/logo\/image\/\",\"url\":\"https:\/\/flugtmuseum.dk\/wp-content\/uploads\/sites\/4\/2022\/05\/FLUGT_Logo_Sort.png\",\"contentUrl\":\"https:\/\/flugtmuseum.dk\/wp-content\/uploads\/sites\/4\/2022\/05\/FLUGT_Logo_Sort.png\",\"width\":690,\"height\":162,\"caption\":\"FLUGT \u2013 Refugee Museum of Denmark\"},\"image\":{\"@id\":\"https:\/\/flugtmuseum.dk\/#\/schema\/logo\/image\/\"},\"sameAs\":[\"https:\/\/www.facebook.com\/flugtmuseum\",\"https:\/\/www.instagram.com\/flugt\/\",\"https:\/\/www.linkedin.com\/showcase\/flugt-refugee-museum-of-denmark\/?originalSubdomain=dk\"]}]}<\/script>\n<!-- \/ Yoast SEO plugin. -->","yoast_head_json":{"title":"Aktivit\u00e4ten - FLUGT","robots":{"index":"index","follow":"follow","max-snippet":"max-snippet:-1","max-image-preview":"max-image-preview:large","max-video-preview":"max-video-preview:-1"},"canonical":"https:\/\/flugtmuseum.dk\/de\/aktivitaeten\/","og_locale":"de_DE","og_type":"article","og_title":"Aktivit\u00e4ten - FLUGT","og_description":"Aktivit\u00e4ten im Museum Aktivit\u00e4ten in der Umgebung Entdecken Sie kommende Veranstaltungen in der Umgebung und in unseren anderen Museen \u00fcber den untenstehenden Link. Weitere Aktivit\u00e4ten anzeigen","og_url":"https:\/\/flugtmuseum.dk\/de\/aktivitaeten\/","og_site_name":"FLUGT","article_publisher":"https:\/\/www.facebook.com\/flugtmuseum","article_modified_time":"2025-07-11T18:38:37+00:00","twitter_card":"summary_large_image","twitter_misc":{"Gesch\u00e4tzte Lesezeit":"1\u00a0Minute"},"schema":{"@context":"https:\/\/schema.org","@graph":[{"@type":"WebPage","@id":"https:\/\/flugtmuseum.dk\/de\/aktivitaeten\/","url":"https:\/\/flugtmuseum.dk\/de\/aktivitaeten\/","name":"Aktivit\u00e4ten - FLUGT","isPartOf":{"@id":"https:\/\/flugtmuseum.dk\/#website"},"datePublished":"2025-07-11T18:37:22+00:00","dateModified":"2025-07-11T18:38:37+00:00","breadcrumb":{"@id":"https:\/\/flugtmuseum.dk\/de\/aktivitaeten\/#breadcrumb"},"inLanguage":"de","potentialAction":[{"@type":"ReadAction","target":["https:\/\/flugtmuseum.dk\/de\/aktivitaeten\/"]}]},{"@type":"BreadcrumbList","@id":"https:\/\/flugtmuseum.dk\/de\/aktivitaeten\/#breadcrumb","itemListElement":[{"@type":"ListItem","position":1,"name":"Hjem","item":"https:\/\/flugtmuseum.dk\/de\/"},{"@type":"ListItem","position":2,"name":"Aktivit\u00e4ten"}]},{"@type":"WebSite","@id":"https:\/\/flugtmuseum.dk\/#website","url":"https:\/\/flugtmuseum.dk\/","name":"FLUGT","description":"Flygtninge til alle tider","publisher":{"@id":"https:\/\/flugtmuseum.dk\/#organization"},"potentialAction":[{"@type":"SearchAction","target":{"@type":"EntryPoint","urlTemplate":"https:\/\/flugtmuseum.dk\/?s={search_term_string}"},"query-input":{"@type":"PropertyValueSpecification","valueRequired":true,"valueName":"search_term_string"}}],"inLanguage":"de"},{"@type":"Organization","@id":"https:\/\/flugtmuseum.dk\/#organization","name":"FLUGT \u2013 Refugee Museum of Denmark","url":"https:\/\/flugtmuseum.dk\/","logo":{"@type":"ImageObject","inLanguage":"de","@id":"https:\/\/flugtmuseum.dk\/#\/schema\/logo\/image\/","url":"https:\/\/flugtmuseum.dk\/wp-content\/uploads\/sites\/4\/2022\/05\/FLUGT_Logo_Sort.png","contentUrl":"https:\/\/flugtmuseum.dk\/wp-content\/uploads\/sites\/4\/2022\/05\/FLUGT_Logo_Sort.png","width":690,"height":162,"caption":"FLUGT \u2013 Refugee Museum of Denmark"},"image":{"@id":"https:\/\/flugtmuseum.dk\/#\/schema\/logo\/image\/"},"sameAs":["https:\/\/www.facebook.com\/flugtmuseum","https:\/\/www.instagram.com\/flugt\/","https:\/\/www.linkedin.com\/showcase\/flugt-refugee-museum-of-denmark\/?originalSubdomain=dk"]}]}},"_links":{"self":[{"href":"https:\/\/flugtmuseum.dk\/de\/wp-json\/wp\/v2\/pages\/5489","targetHints":{"allow":["GET"]}}],"collection":[{"href":"https:\/\/flugtmuseum.dk\/de\/wp-json\/wp\/v2\/pages"}],"about":[{"href":"https:\/\/flugtmuseum.dk\/de\/wp-json\/wp\/v2\/types\/page"}],"author":[{"embeddable":true,"href":"https:\/\/flugtmuseum.dk\/de\/wp-json\/wp\/v2\/users\/7"}],"replies":[{"embeddable":true,"href":"https:\/\/flugtmuseum.dk\/de\/wp-json\/wp\/v2\/comments?post=5489"}],"version-history":[{"count":2,"href":"https:\/\/flugtmuseum.dk\/de\/wp-json\/wp\/v2\/pages\/5489\/revisions"}],"predecessor-version":[{"id":5491,"href":"https:\/\/flugtmuseum.dk\/de\/wp-json\/wp\/v2\/pages\/5489\/revisions\/5491"}],"wp:attachment":[{"href":"https:\/\/flugtmuseum.dk\/de\/wp-json\/wp\/v2\/media?parent=5489"}],"curies":[{"name":"wp","href":"https:\/\/api.w.org\/{rel}","templated":true}]}}